{"id":105105,"date":"2021-12-02T14:23:12","date_gmt":"2021-12-02T13:23:12","guid":{"rendered":"https:\/\/xn--franoise-paris-jjb.com\/privacy-policy\/"},"modified":"2025-11-12T18:30:52","modified_gmt":"2025-11-12T17:30:52","slug":"privacy-policy","status":"publish","type":"page","link":"https:\/\/xn--franoise-paris-jjb.com\/en\/privacy-policy\/","title":{"rendered":"Privacy"},"content":{"rendered":"<div class=\"wpb-content-wrapper\">[vc_row][vc_column][vc_column_text uncode_shortcode_id=&#8221;193102&#8243;]\n\r\n<h4 class=\"wp-block-heading\">WHO WE ARE<\/h4>\r\n<p>Le site fran\u00e7oise-paris.com est \u00e9dit\u00e9 par la soci\u00e9t\u00e9 FRAN\u00c7OISE PARIS dont le si\u00e8ge est situ\u00e9 au 241 rue Saint Martin 75003 Paris et repr\u00e9sent\u00e9e par sa g\u00e9rante, Madame Johanna Senyk. Voir les <a href=\"https:\/\/xn--franoise-paris-jjb.com\/mentions-legales\/\"><strong>mentions l\u00e9gales<\/strong><\/a><strong>\u00a0<\/strong>pour plus d&#8217;informations.<\/p>\r\n<p>&nbsp;<\/p>\r\n&#13;\n<h4 class=\"wp-block-heading\">COOKIES<\/h4>&#13;\n<p>Les cookies sont de petites informations stock\u00e9es par votre navigateur sur le disque dur de votre ordinateur. Ils sont souvent utilis\u00e9s pour permettre aux sites Web de m\u00e9moriser des informations utiles, telles que vos informations de connexion, et peuvent contribuer \u00e0 la facilit\u00e9 d&#8217;utilisation lors de la navigation sur un site Web. Nos cookies ne peuvent pas vous identifier personnellement.<\/p>&#13;\n<p>COMMENT NOUS UTILISONS LES COOKIES<\/p>&#13;\n<p>Les cookies sur notre site Web sont utilis\u00e9s \u00e0 des fins diff\u00e9rentes, mais en r\u00e8gle g\u00e9n\u00e9rale, leur utilisation se d\u00e9compose en plusieurs cat\u00e9gories:<\/p>&#13;\n<p>a) Cookies strictement n\u00e9cessaires: ils sont n\u00e9cessaires au fonctionnement de notre site Web. Ils comprennent, par exemple, des cookies qui vous permettent de vous connecter \u00e0 des zones s\u00e9curis\u00e9es de notre site Web.<\/p>&#13;\n<p>b) Cookies analytiques \/ de performance: ils nous permettent de reconna\u00eetre et de compter le nombre d&#8217;utilisateurs de notre site Web et de voir comment ces utilisateurs naviguent sur notre site Web. Cela permet d&#8217;am\u00e9liorer le fonctionnement de notre site Web, par exemple, en veillant \u00e0 ce que les utilisateurs trouvent facilement ce qu&#8217;ils recherchent.<\/p>&#13;\n<p>c) Cookies de fonctionnalit\u00e9: ils am\u00e9liorent les performances fonctionnelles de notre site Web et vous facilitent leur utilisation. Par exemple, ces cookies sont utilis\u00e9s pour se souvenir que vous avez d\u00e9j\u00e0 visit\u00e9 le site Web et que vous avez demand\u00e9 \u00e0 y rester connect\u00e9.<\/p>&#13;\n<p>d) Cookies de ciblage: ils enregistrent votre visite sur notre site Web, les pages que vous avez visit\u00e9es et les liens que vous avez suivis. Nous utiliserons ensuite ces informations pour rendre la publicit\u00e9 affich\u00e9e plus adapt\u00e9e \u00e0 vos int\u00e9r\u00eats.<\/p>&#13;\n<p>G\u00c9RER LES COOKIES<\/p>&#13;\n<p>Vous pouvez g\u00e9rer les cookies en activant le param\u00e8tre de votre navigateur Internet qui vous permet de refuser la configuration de tout ou partie des cookies. Veuillez noter que si vous d\u00e9sactivez les cookies, cela limitera le service que nous sommes en mesure de vous fournir et peut affecter votre exp\u00e9rience utilisateur.<\/p>&#13;\n<p>MODIFICATIONS DE CETTE POLITIQUE DE COOKIES<\/p>&#13;\n<p>Notre politique de cookies est r\u00e9guli\u00e8rement mise \u00e0 jour. Tous ces changements seront affich\u00e9s sur cette page.<\/p>&#13;\n\r\n<p>&nbsp;<\/p>\r\n&#13;\n<h4 class=\"wp-block-heading\">EMBEDDED CONTENT FROM OTHER SITES<\/h4>&#13;\n<p><\/p>Ce site peuvent inclure des contenus int\u00e9gr\u00e9s (par exemple des vid\u00e9os, images, articles\u2026). Le contenu int\u00e9gr\u00e9 depuis d\u2019autres sites se comporte de la m\u00eame mani\u00e8re que si le visiteur se rendait sur cet autre site.<\/p>\r\n<p>\nCes sites web pourraient collecter des donn\u00e9es sur vous, utiliser des cookies, embarquer des outils de suivis tiers, suivre vos interactions avec ces contenus embarqu\u00e9s si vous disposez d\u2019un compte connect\u00e9 sur leur site web.\r\n<p>&nbsp;<\/p>\n&#13;\n<h4 class=\"wp-block-heading\">USE AND TRANSMISSION OF YOUR PERSONAL DATA<\/h4>&#13;\n<p><\/p><p>If you request a password reset, your IP address will be included in the reset email.<\/p>\n<p><!-- \/wp:post-content --><\/p>\n<p>&nbsp;<\/p>\n<p><!-- wp:heading --><\/p>\n<h4>HOW LONG YOUR DATA IS STORED<\/h4>\n<p><!-- \/wp:heading -->If you leave a comment, the comment and its metadata are kept indefinitely. This will automatically recognize and approve subsequent comments instead of leaving them in the moderation queue.<\/p>\n<p><!-- \/wp:paragraph --><\/p>\n<p><!-- wp:paragraph -->For accounts that register on our site (if any), we also store the personal data specified in their profile. All accounts can view, edit or delete their personal information at any time (with the exception of their login). Site managers can also view and modify this information.<\/p>\n<p><!-- \/wp:paragraph --><\/p>\n<p>&nbsp;<\/p>\n<p><!-- wp:heading --><\/p>\n<h4>THE RIGHTS YOU HAVE OVER YOUR DATA<\/h4>\n<p><!-- \/wp:heading -->If you have an account or have left comments on the site, you may request to receive a file containing all the personal data we have about you, including the data you have provided to us. You can also request the deletion of your personal data. This does not take into account data stored for administrative, legal or security purposes.<\/p>\n<p><!-- \/wp:paragraph --><\/p>\n<p>&nbsp;<\/p>\n<p><!-- wp:heading --><\/p>\n<h4>TRANSMISSION OF YOUR PERSONAL DATA<\/h4>\n<p><!-- \/wp:heading -->Visitor comments can be checked with an automated comment detection service.<\/p>\n<p><!-- \/wp:paragraph --><\/p>\n<p>&nbsp;<\/p>\n<p>[\/vc_column_text][\/vc_column][\/vc_row]<\/p>\n<\/div>","protected":false},"excerpt":{"rendered":"<p>[vc_row][vc_column][vc_column_text uncode_shortcode_id=&#8221;193102&#8243;] WHO WE ARE Le site fran\u00e7oise-paris.com est \u00e9dit\u00e9 par la soci\u00e9t\u00e9 FRAN\u00c7OISE PARIS dont le si\u00e8ge est situ\u00e9 [&hellip;]<\/p>\n","protected":false},"author":1,"featured_media":0,"parent":0,"menu_order":0,"comment_status":"closed","ping_status":"closed","template":"","meta":{"footnotes":""},"class_list":["post-105105","page","type-page","status-publish","hentry"],"yoast_head":"<!-- This site is optimized with the Yoast SEO plugin v27.3 - https:\/\/yoast.com\/product\/yoast-seo-wordpress\/ -->\n<title>Privacy &#8226; Fran\u00e7oise Paris<\/title>\n<meta name=\"description\" content=\"Fran\u00e7oise is a Luxury Upcycling Brand made in FRANCE with Rare Vintage Sourcing designed by Johanna Senyk\" \/>\n<meta name=\"robots\" content=\"index, follow, max-snippet:-1, max-image-preview:large, max-video-preview:-1\" \/>\n<link rel=\"canonical\" href=\"https:\/\/xn--franoise-paris-jjb.com\/en\/privacy-policy\/\" \/>\n<meta property=\"og:locale\" content=\"en_US\" \/>\n<meta property=\"og:type\" content=\"article\" \/>\n<meta property=\"og:title\" content=\"Privacy &#8226; Fran\u00e7oise Paris\" \/>\n<meta property=\"og:description\" content=\"Fran\u00e7oise is a Luxury Upcycling Brand made in FRANCE with Rare Vintage Sourcing designed by Johanna Senyk\" \/>\n<meta property=\"og:url\" content=\"https:\/\/xn--franoise-paris-jjb.com\/en\/privacy-policy\/\" \/>\n<meta property=\"og:site_name\" content=\"Fran\u00e7oise Paris\" \/>\n<meta property=\"article:modified_time\" content=\"2025-11-12T17:30:52+00:00\" \/>\n<meta name=\"twitter:card\" content=\"summary_large_image\" \/>\n<meta name=\"twitter:label1\" content=\"Est. reading time\" \/>\n\t<meta name=\"twitter:data1\" content=\"4 minutes\" \/>\n<script type=\"application\/ld+json\" class=\"yoast-schema-graph\">{\"@context\":\"https:\\\/\\\/schema.org\",\"@graph\":[{\"@type\":\"WebPage\",\"@id\":\"https:\\\/\\\/xn--franoise-paris-jjb.com\\\/en\\\/privacy-policy\\\/\",\"url\":\"https:\\\/\\\/xn--franoise-paris-jjb.com\\\/en\\\/privacy-policy\\\/\",\"name\":\"Privacy &#8226; Fran\u00e7oise Paris\",\"isPartOf\":{\"@id\":\"https:\\\/\\\/xn--franoise-paris-jjb.com\\\/en\\\/#website\"},\"datePublished\":\"2021-12-02T13:23:12+00:00\",\"dateModified\":\"2025-11-12T17:30:52+00:00\",\"description\":\"Fran\u00e7oise is a Luxury Upcycling Brand made in FRANCE with Rare Vintage Sourcing designed by Johanna Senyk\",\"breadcrumb\":{\"@id\":\"https:\\\/\\\/xn--franoise-paris-jjb.com\\\/en\\\/privacy-policy\\\/#breadcrumb\"},\"inLanguage\":\"en-US\",\"potentialAction\":[{\"@type\":\"ReadAction\",\"target\":[\"https:\\\/\\\/xn--franoise-paris-jjb.com\\\/en\\\/privacy-policy\\\/\"]}]},{\"@type\":\"BreadcrumbList\",\"@id\":\"https:\\\/\\\/xn--franoise-paris-jjb.com\\\/en\\\/privacy-policy\\\/#breadcrumb\",\"itemListElement\":[{\"@type\":\"ListItem\",\"position\":1,\"name\":\"Accueil\",\"item\":\"https:\\\/\\\/xn--franoise-paris-jjb.com\\\/en\\\/eshop\\\/\"},{\"@type\":\"ListItem\",\"position\":2,\"name\":\"Privacy\"}]},{\"@type\":\"WebSite\",\"@id\":\"https:\\\/\\\/xn--franoise-paris-jjb.com\\\/en\\\/#website\",\"url\":\"https:\\\/\\\/xn--franoise-paris-jjb.com\\\/en\\\/\",\"name\":\"Fran\u00e7oise Paris\",\"description\":\"\",\"publisher\":{\"@id\":\"https:\\\/\\\/xn--franoise-paris-jjb.com\\\/en\\\/#organization\"},\"potentialAction\":[{\"@type\":\"SearchAction\",\"target\":{\"@type\":\"EntryPoint\",\"urlTemplate\":\"https:\\\/\\\/xn--franoise-paris-jjb.com\\\/en\\\/?s={search_term_string}\"},\"query-input\":{\"@type\":\"PropertyValueSpecification\",\"valueRequired\":true,\"valueName\":\"search_term_string\"}}],\"inLanguage\":\"en-US\"},{\"@type\":\"Organization\",\"@id\":\"https:\\\/\\\/xn--franoise-paris-jjb.com\\\/en\\\/#organization\",\"name\":\"Fran\u00e7oise Paris\",\"url\":\"https:\\\/\\\/xn--franoise-paris-jjb.com\\\/en\\\/\",\"logo\":{\"@type\":\"ImageObject\",\"inLanguage\":\"en-US\",\"@id\":\"https:\\\/\\\/xn--franoise-paris-jjb.com\\\/en\\\/#\\\/schema\\\/logo\\\/image\\\/\",\"url\":\"https:\\\/\\\/xn--franoise-paris-jjb.com\\\/wp-content\\\/uploads\\\/2021\\\/12\\\/logo-francoise-l.jpg\",\"contentUrl\":\"https:\\\/\\\/xn--franoise-paris-jjb.com\\\/wp-content\\\/uploads\\\/2021\\\/12\\\/logo-francoise-l.jpg\",\"width\":1080,\"height\":720,\"caption\":\"Fran\u00e7oise Paris\"},\"image\":{\"@id\":\"https:\\\/\\\/xn--franoise-paris-jjb.com\\\/en\\\/#\\\/schema\\\/logo\\\/image\\\/\"},\"sameAs\":[\"https:\\\/\\\/www.instagram.com\\\/francoise.official\\\/\"]}]}<\/script>\n<!-- \/ Yoast SEO plugin. -->","yoast_head_json":{"title":"Privacy &#8226; Fran\u00e7oise Paris","description":"Fran\u00e7oise is a Luxury Upcycling Brand made in FRANCE with Rare Vintage Sourcing designed by Johanna Senyk","robots":{"index":"index","follow":"follow","max-snippet":"max-snippet:-1","max-image-preview":"max-image-preview:large","max-video-preview":"max-video-preview:-1"},"canonical":"https:\/\/xn--franoise-paris-jjb.com\/en\/privacy-policy\/","og_locale":"en_US","og_type":"article","og_title":"Privacy &#8226; Fran\u00e7oise Paris","og_description":"Fran\u00e7oise is a Luxury Upcycling Brand made in FRANCE with Rare Vintage Sourcing designed by Johanna Senyk","og_url":"https:\/\/xn--franoise-paris-jjb.com\/en\/privacy-policy\/","og_site_name":"Fran\u00e7oise Paris","article_modified_time":"2025-11-12T17:30:52+00:00","twitter_card":"summary_large_image","twitter_misc":{"Est. reading time":"4 minutes"},"schema":{"@context":"https:\/\/schema.org","@graph":[{"@type":"WebPage","@id":"https:\/\/xn--franoise-paris-jjb.com\/en\/privacy-policy\/","url":"https:\/\/xn--franoise-paris-jjb.com\/en\/privacy-policy\/","name":"Privacy &#8226; Fran\u00e7oise Paris","isPartOf":{"@id":"https:\/\/xn--franoise-paris-jjb.com\/en\/#website"},"datePublished":"2021-12-02T13:23:12+00:00","dateModified":"2025-11-12T17:30:52+00:00","description":"Fran\u00e7oise is a Luxury Upcycling Brand made in FRANCE with Rare Vintage Sourcing designed by Johanna Senyk","breadcrumb":{"@id":"https:\/\/xn--franoise-paris-jjb.com\/en\/privacy-policy\/#breadcrumb"},"inLanguage":"en-US","potentialAction":[{"@type":"ReadAction","target":["https:\/\/xn--franoise-paris-jjb.com\/en\/privacy-policy\/"]}]},{"@type":"BreadcrumbList","@id":"https:\/\/xn--franoise-paris-jjb.com\/en\/privacy-policy\/#breadcrumb","itemListElement":[{"@type":"ListItem","position":1,"name":"Accueil","item":"https:\/\/xn--franoise-paris-jjb.com\/en\/eshop\/"},{"@type":"ListItem","position":2,"name":"Privacy"}]},{"@type":"WebSite","@id":"https:\/\/xn--franoise-paris-jjb.com\/en\/#website","url":"https:\/\/xn--franoise-paris-jjb.com\/en\/","name":"Fran\u00e7oise Paris","description":"","publisher":{"@id":"https:\/\/xn--franoise-paris-jjb.com\/en\/#organization"},"potentialAction":[{"@type":"SearchAction","target":{"@type":"EntryPoint","urlTemplate":"https:\/\/xn--franoise-paris-jjb.com\/en\/?s={search_term_string}"},"query-input":{"@type":"PropertyValueSpecification","valueRequired":true,"valueName":"search_term_string"}}],"inLanguage":"en-US"},{"@type":"Organization","@id":"https:\/\/xn--franoise-paris-jjb.com\/en\/#organization","name":"Fran\u00e7oise Paris","url":"https:\/\/xn--franoise-paris-jjb.com\/en\/","logo":{"@type":"ImageObject","inLanguage":"en-US","@id":"https:\/\/xn--franoise-paris-jjb.com\/en\/#\/schema\/logo\/image\/","url":"https:\/\/xn--franoise-paris-jjb.com\/wp-content\/uploads\/2021\/12\/logo-francoise-l.jpg","contentUrl":"https:\/\/xn--franoise-paris-jjb.com\/wp-content\/uploads\/2021\/12\/logo-francoise-l.jpg","width":1080,"height":720,"caption":"Fran\u00e7oise Paris"},"image":{"@id":"https:\/\/xn--franoise-paris-jjb.com\/en\/#\/schema\/logo\/image\/"},"sameAs":["https:\/\/www.instagram.com\/francoise.official\/"]}]}},"_links":{"self":[{"href":"https:\/\/xn--franoise-paris-jjb.com\/en\/wp-json\/wp\/v2\/pages\/105105","targetHints":{"allow":["GET"]}}],"collection":[{"href":"https:\/\/xn--franoise-paris-jjb.com\/en\/wp-json\/wp\/v2\/pages"}],"about":[{"href":"https:\/\/xn--franoise-paris-jjb.com\/en\/wp-json\/wp\/v2\/types\/page"}],"author":[{"embeddable":true,"href":"https:\/\/xn--franoise-paris-jjb.com\/en\/wp-json\/wp\/v2\/users\/1"}],"replies":[{"embeddable":true,"href":"https:\/\/xn--franoise-paris-jjb.com\/en\/wp-json\/wp\/v2\/comments?post=105105"}],"version-history":[{"count":0,"href":"https:\/\/xn--franoise-paris-jjb.com\/en\/wp-json\/wp\/v2\/pages\/105105\/revisions"}],"wp:attachment":[{"href":"https:\/\/xn--franoise-paris-jjb.com\/en\/wp-json\/wp\/v2\/media?parent=105105"}],"curies":[{"name":"wp","href":"https:\/\/api.w.org\/{rel}","templated":true}]}}